{"id":5373,"date":"2025-08-14T19:13:59","date_gmt":"2025-08-14T17:13:59","guid":{"rendered":"https:\/\/lumi.indiead.ee\/toode\/aiandi-10-2-11\/"},"modified":"2026-03-02T09:50:47","modified_gmt":"2026-03-02T07:50:47","slug":"aiandi-10-2-11","status":"publish","type":"product","link":"https:\/\/lumikodud.ee\/en\/apartment\/aiandi-10-2-11\/","title":{"rendered":"Aiandi 10\/2-11"},"content":{"rendered":"<p>Otse omanikult ja vahendustasuta pikaajalisele \u00fc\u00fcrile anda 3-toaline korter Mustam\u00e4el, Aiandi 10\/2-11. Korteris on olemas integreeritud tehnikaga t\u00e4isk\u00f6\u00f6k, sisseehitatud garderoobid ja vannitoam\u00f6\u00f6bel.<\/p>\n","protected":false},"excerpt":{"rendered":"<p>Otse omanikult ja vahendustasuta pikaajalisele \u00fc\u00fcrile anda 3-toaline korter Mustam\u00e4el, Aiandi 10\/2-11. Korteris on olemas integreeritud tehnikaga t\u00e4isk\u00f6\u00f6k, sisseehitatud garderoobid ja vannitoam\u00f6\u00f6bel.<\/p>\n","protected":false},"featured_media":1679,"template":"","meta":{"_acf_changed":false},"product_cat":[15],"product_tag":[],"location":[45],"class_list":{"0":"post-5373","1":"product","2":"type-product","3":"status-publish","4":"has-post-thumbnail","6":"product_cat-uncategorized","7":"location-mustamae","9":"first","10":"instock","11":"shipping-taxable","12":"purchasable","13":"product-type-simple"},"acf":[],"yoast_head":"<!-- This site is optimized with the Yoast SEO plugin v25.3 - https:\/\/yoast.com\/wordpress\/plugins\/seo\/ -->\n<title>Aiandi 10\/2-11 - Lumi Kodud<\/title>\n<meta name=\"robots\" content=\"index, follow, max-snippet:-1, max-image-preview:large, max-video-preview:-1\" \/>\n<link rel=\"canonical\" href=\"https:\/\/lumikodud.ee\/en\/apartment\/aiandi-10-2-11\/\" \/>\n<meta property=\"og:locale\" content=\"en_US\" \/>\n<meta property=\"og:type\" content=\"article\" \/>\n<meta property=\"og:title\" content=\"Aiandi 10\/2-11 - Lumi Kodud\" \/>\n<meta property=\"og:description\" content=\"Otse omanikult ja vahendustasuta pikaajalisele \u00fc\u00fcrile anda 3-toaline korter Mustam\u00e4el, Aiandi 10\/2-11. Korteris on olemas integreeritud tehnikaga t\u00e4isk\u00f6\u00f6k, sisseehitatud garderoobid ja vannitoam\u00f6\u00f6bel.\" \/>\n<meta property=\"og:url\" content=\"https:\/\/lumikodud.ee\/en\/apartment\/aiandi-10-2-11\/\" \/>\n<meta property=\"og:site_name\" content=\"Lumi Kodud\" \/>\n<meta property=\"article:publisher\" content=\"https:\/\/www.facebook.com\/LumiKodud\/\" \/>\n<meta property=\"article:modified_time\" content=\"2026-03-02T07:50:47+00:00\" \/>\n<meta property=\"og:image\" content=\"https:\/\/lumikodud.ee\/wp-content\/uploads\/2025\/08\/images-sisupildid-pisipildid-T2.jpg\" \/>\n\t<meta property=\"og:image:width\" content=\"1200\" \/>\n\t<meta property=\"og:image:height\" content=\"800\" \/>\n\t<meta property=\"og:image:type\" content=\"image\/jpeg\" \/>\n<meta name=\"twitter:card\" content=\"summary_large_image\" \/>\n<script type=\"application\/ld+json\" class=\"yoast-schema-graph\">{\"@context\":\"https:\/\/schema.org\",\"@graph\":[{\"@type\":\"WebPage\",\"@id\":\"https:\/\/lumikodud.ee\/en\/apartment\/aiandi-10-2-11\/\",\"url\":\"https:\/\/lumikodud.ee\/en\/apartment\/aiandi-10-2-11\/\",\"name\":\"Aiandi 10\/2-11 - Lumi Kodud\",\"isPartOf\":{\"@id\":\"https:\/\/lumikodud.ee\/en\/#website\"},\"primaryImageOfPage\":{\"@id\":\"https:\/\/lumikodud.ee\/en\/apartment\/aiandi-10-2-11\/#primaryimage\"},\"image\":{\"@id\":\"https:\/\/lumikodud.ee\/en\/apartment\/aiandi-10-2-11\/#primaryimage\"},\"thumbnailUrl\":\"https:\/\/lumikodud.ee\/wp-content\/uploads\/2025\/08\/images-sisupildid-pisipildid-T2.jpg\",\"datePublished\":\"2025-08-14T17:13:59+00:00\",\"dateModified\":\"2026-03-02T07:50:47+00:00\",\"breadcrumb\":{\"@id\":\"https:\/\/lumikodud.ee\/en\/apartment\/aiandi-10-2-11\/#breadcrumb\"},\"inLanguage\":\"en-US\",\"potentialAction\":[{\"@type\":\"ReadAction\",\"target\":[\"https:\/\/lumikodud.ee\/en\/apartment\/aiandi-10-2-11\/\"]}]},{\"@type\":\"ImageObject\",\"inLanguage\":\"en-US\",\"@id\":\"https:\/\/lumikodud.ee\/en\/apartment\/aiandi-10-2-11\/#primaryimage\",\"url\":\"https:\/\/lumikodud.ee\/wp-content\/uploads\/2025\/08\/images-sisupildid-pisipildid-T2.jpg\",\"contentUrl\":\"https:\/\/lumikodud.ee\/wp-content\/uploads\/2025\/08\/images-sisupildid-pisipildid-T2.jpg\",\"width\":1200,\"height\":800},{\"@type\":\"BreadcrumbList\",\"@id\":\"https:\/\/lumikodud.ee\/en\/apartment\/aiandi-10-2-11\/#breadcrumb\",\"itemListElement\":[{\"@type\":\"ListItem\",\"position\":1,\"name\":\"Lumi Kodud\",\"item\":\"https:\/\/lumikodud.ee\/en\/\"},{\"@type\":\"ListItem\",\"position\":2,\"name\":\"Properties\",\"item\":\"https:\/\/lumikodud.ee\/en\/shop\/\"},{\"@type\":\"ListItem\",\"position\":3,\"name\":\"Mustam\u00e4e\",\"item\":\"https:\/\/lumikodud.ee\/en\/apartments\/mustamae\/\"},{\"@type\":\"ListItem\",\"position\":4,\"name\":\"Aiandi 10\/2-11\"}]},{\"@type\":\"WebSite\",\"@id\":\"https:\/\/lumikodud.ee\/en\/#website\",\"url\":\"https:\/\/lumikodud.ee\/en\/\",\"name\":\"Lumi Kodud\",\"description\":\"\u00dc\u00fcrikorterid Tallinnas\",\"publisher\":{\"@id\":\"https:\/\/lumikodud.ee\/en\/#organization\"},\"potentialAction\":[{\"@type\":\"SearchAction\",\"target\":{\"@type\":\"EntryPoint\",\"urlTemplate\":\"https:\/\/lumikodud.ee\/en\/?s={search_term_string}\"},\"query-input\":{\"@type\":\"PropertyValueSpecification\",\"valueRequired\":true,\"valueName\":\"search_term_string\"}}],\"inLanguage\":\"en-US\"},{\"@type\":\"Organization\",\"@id\":\"https:\/\/lumikodud.ee\/en\/#organization\",\"name\":\"Lumi Kodud\",\"url\":\"https:\/\/lumikodud.ee\/en\/\",\"logo\":{\"@type\":\"ImageObject\",\"inLanguage\":\"en-US\",\"@id\":\"https:\/\/lumikodud.ee\/en\/#\/schema\/logo\/image\/\",\"url\":\"https:\/\/lumikodud.ee\/wp-content\/uploads\/2025\/08\/logo-header.svg\",\"contentUrl\":\"https:\/\/lumikodud.ee\/wp-content\/uploads\/2025\/08\/logo-header.svg\",\"width\":1,\"height\":1,\"caption\":\"Lumi Kodud\"},\"image\":{\"@id\":\"https:\/\/lumikodud.ee\/en\/#\/schema\/logo\/image\/\"},\"sameAs\":[\"https:\/\/www.facebook.com\/LumiKodud\/\",\"https:\/\/www.instagram.com\/lumikodud\/\",\"https:\/\/www.linkedin.com\/company\/lumi-capital\"]}]}<\/script>\n<!-- \/ Yoast SEO plugin. -->","yoast_head_json":{"title":"Aiandi 10\/2-11 - Lumi Kodud","robots":{"index":"index","follow":"follow","max-snippet":"max-snippet:-1","max-image-preview":"max-image-preview:large","max-video-preview":"max-video-preview:-1"},"canonical":"https:\/\/lumikodud.ee\/en\/apartment\/aiandi-10-2-11\/","og_locale":"en_US","og_type":"article","og_title":"Aiandi 10\/2-11 - Lumi Kodud","og_description":"Otse omanikult ja vahendustasuta pikaajalisele \u00fc\u00fcrile anda 3-toaline korter Mustam\u00e4el, Aiandi 10\/2-11. Korteris on olemas integreeritud tehnikaga t\u00e4isk\u00f6\u00f6k, sisseehitatud garderoobid ja vannitoam\u00f6\u00f6bel.","og_url":"https:\/\/lumikodud.ee\/en\/apartment\/aiandi-10-2-11\/","og_site_name":"Lumi Kodud","article_publisher":"https:\/\/www.facebook.com\/LumiKodud\/","article_modified_time":"2026-03-02T07:50:47+00:00","og_image":[{"width":1200,"height":800,"url":"https:\/\/lumikodud.ee\/wp-content\/uploads\/2025\/08\/images-sisupildid-pisipildid-T2.jpg","type":"image\/jpeg"}],"twitter_card":"summary_large_image","schema":{"@context":"https:\/\/schema.org","@graph":[{"@type":"WebPage","@id":"https:\/\/lumikodud.ee\/en\/apartment\/aiandi-10-2-11\/","url":"https:\/\/lumikodud.ee\/en\/apartment\/aiandi-10-2-11\/","name":"Aiandi 10\/2-11 - Lumi Kodud","isPartOf":{"@id":"https:\/\/lumikodud.ee\/en\/#website"},"primaryImageOfPage":{"@id":"https:\/\/lumikodud.ee\/en\/apartment\/aiandi-10-2-11\/#primaryimage"},"image":{"@id":"https:\/\/lumikodud.ee\/en\/apartment\/aiandi-10-2-11\/#primaryimage"},"thumbnailUrl":"https:\/\/lumikodud.ee\/wp-content\/uploads\/2025\/08\/images-sisupildid-pisipildid-T2.jpg","datePublished":"2025-08-14T17:13:59+00:00","dateModified":"2026-03-02T07:50:47+00:00","breadcrumb":{"@id":"https:\/\/lumikodud.ee\/en\/apartment\/aiandi-10-2-11\/#breadcrumb"},"inLanguage":"en-US","potentialAction":[{"@type":"ReadAction","target":["https:\/\/lumikodud.ee\/en\/apartment\/aiandi-10-2-11\/"]}]},{"@type":"ImageObject","inLanguage":"en-US","@id":"https:\/\/lumikodud.ee\/en\/apartment\/aiandi-10-2-11\/#primaryimage","url":"https:\/\/lumikodud.ee\/wp-content\/uploads\/2025\/08\/images-sisupildid-pisipildid-T2.jpg","contentUrl":"https:\/\/lumikodud.ee\/wp-content\/uploads\/2025\/08\/images-sisupildid-pisipildid-T2.jpg","width":1200,"height":800},{"@type":"BreadcrumbList","@id":"https:\/\/lumikodud.ee\/en\/apartment\/aiandi-10-2-11\/#breadcrumb","itemListElement":[{"@type":"ListItem","position":1,"name":"Lumi Kodud","item":"https:\/\/lumikodud.ee\/en\/"},{"@type":"ListItem","position":2,"name":"Properties","item":"https:\/\/lumikodud.ee\/en\/shop\/"},{"@type":"ListItem","position":3,"name":"Mustam\u00e4e","item":"https:\/\/lumikodud.ee\/en\/apartments\/mustamae\/"},{"@type":"ListItem","position":4,"name":"Aiandi 10\/2-11"}]},{"@type":"WebSite","@id":"https:\/\/lumikodud.ee\/en\/#website","url":"https:\/\/lumikodud.ee\/en\/","name":"Lumi Kodud","description":"\u00dc\u00fcrikorterid Tallinnas","publisher":{"@id":"https:\/\/lumikodud.ee\/en\/#organization"},"potentialAction":[{"@type":"SearchAction","target":{"@type":"EntryPoint","urlTemplate":"https:\/\/lumikodud.ee\/en\/?s={search_term_string}"},"query-input":{"@type":"PropertyValueSpecification","valueRequired":true,"valueName":"search_term_string"}}],"inLanguage":"en-US"},{"@type":"Organization","@id":"https:\/\/lumikodud.ee\/en\/#organization","name":"Lumi Kodud","url":"https:\/\/lumikodud.ee\/en\/","logo":{"@type":"ImageObject","inLanguage":"en-US","@id":"https:\/\/lumikodud.ee\/en\/#\/schema\/logo\/image\/","url":"https:\/\/lumikodud.ee\/wp-content\/uploads\/2025\/08\/logo-header.svg","contentUrl":"https:\/\/lumikodud.ee\/wp-content\/uploads\/2025\/08\/logo-header.svg","width":1,"height":1,"caption":"Lumi Kodud"},"image":{"@id":"https:\/\/lumikodud.ee\/en\/#\/schema\/logo\/image\/"},"sameAs":["https:\/\/www.facebook.com\/LumiKodud\/","https:\/\/www.instagram.com\/lumikodud\/","https:\/\/www.linkedin.com\/company\/lumi-capital"]}]}},"_links":{"self":[{"href":"https:\/\/lumikodud.ee\/en\/wp-json\/wp\/v2\/product\/5373","targetHints":{"allow":["GET"]}}],"collection":[{"href":"https:\/\/lumikodud.ee\/en\/wp-json\/wp\/v2\/product"}],"about":[{"href":"https:\/\/lumikodud.ee\/en\/wp-json\/wp\/v2\/types\/product"}],"wp:featuredmedia":[{"embeddable":true,"href":"https:\/\/lumikodud.ee\/en\/wp-json\/wp\/v2\/media\/1679"}],"wp:attachment":[{"href":"https:\/\/lumikodud.ee\/en\/wp-json\/wp\/v2\/media?parent=5373"}],"wp:term":[{"taxonomy":"product_cat","embeddable":true,"href":"https:\/\/lumikodud.ee\/en\/wp-json\/wp\/v2\/product_cat?post=5373"},{"taxonomy":"product_tag","embeddable":true,"href":"https:\/\/lumikodud.ee\/en\/wp-json\/wp\/v2\/product_tag?post=5373"},{"taxonomy":"location","embeddable":true,"href":"https:\/\/lumikodud.ee\/en\/wp-json\/wp\/v2\/location?post=5373"}],"curies":[{"name":"wp","href":"https:\/\/api.w.org\/{rel}","templated":true}]}}