{"id":4705,"date":"2025-08-08T14:43:39","date_gmt":"2025-08-08T12:43:39","guid":{"rendered":"https:\/\/lumi.indiead.ee\/%d0%ba%d0%b2%d0%b0%d1%80%d1%82%d0%b8%d1%80%d1%8b\/haabersti\/"},"modified":"2025-11-19T11:40:11","modified_gmt":"2025-11-19T09:40:11","slug":"haabersti","status":"publish","type":"page","link":"https:\/\/lumikodud.ee\/ru\/%d0%b0%d1%80%d0%b5%d0%bd%d0%b4%d0%b0-%d0%ba%d0%b2%d0%b0%d1%80%d1%82%d0%b8%d1%80-%d0%b2-%d1%82%d0%b0%d0%bb%d0%bb%d0%b8%d0%bd%d0%bd%d0%b5-2\/haabersti\/","title":{"rendered":"\u0425\u0430\u0430\u0431\u0435\u0440\u0441\u0442\u0438"},"content":{"rendered":"  <section>\n          <h2 class=\"th-content-max-width text-th-dark-1 font-heading-3-5 md:font-heading-2 font-semibold mb-6 pt-[50px] md:pt-24\">\n        \u041d\u0443\u0436\u043d\u0430 \u043f\u043e\u043c\u043e\u0449\u044c \u0432 \u043f\u043e\u0438\u0441\u043a\u0435 \u043f\u043e\u0434\u0445\u043e\u0434\u044f\u0449\u0435\u0439 \u043a\u0432\u0430\u0440\u0442\u0438\u0440\u044b? \u0421\u043e\u043e\u0431\u0449\u0438\u0442\u0435 \u043d\u0430\u043c, \u0447\u0442\u043e \u0432\u044b \u0438\u0449\u0435\u0442\u0435!       <\/h2>\n    \n    <div\n      class=\"-mx-4 md:-mx-16 theme-contact-form relative overflow-hidden\n             bg-fixed bg-no-repeat bg-center\n             [background-size:3840px_2160px]\n             \"\n      style=\"background-image:url('https:\/\/lumikodud.ee\/wp-content\/uploads\/2025\/08\/L96A8604.jpg');\"\n    >\n      <div class=\"relative z-10 mx-auto px-4 py-8 max-w-[580px]\">\n        <div class=\"bg-th-white-1 p-6 rounded theme-contact-form-container\">\n                  <\/div>\n      <\/div>\n    <\/div>\n  <\/section>\n\n\n  <section class=\"md:pb-20 py-[50px] md:py-0 md:pt-24 bg-circle-right -mx-4 md:-mx-16\">\n    <div class=\"-th-content-max-width px-4 md:px-16\">\n              <h2 class=\"text-th-dark-1 font-heading-3-5 md:font-heading-2 font-semibold mb-6 mt-4;\">\u0421\u043c\u043e\u0442\u0440\u0438\u0442\u0435 \u0442\u0430\u043a\u0436\u0435<\/h2>\n      \n        <div class=\"flex flex-col xl:grid xl:grid-cols-2 gap-8\">\n          <a href=\"https:\/\/lumikodud.ee\/ru\/\u043a\u0432\u0430\u0440\u0442\u0438\u0440\u044b\/%d1%85%d0%b0%d0%b0%d0%b1%d0%b5%d1%80%d1%81%d1%82%d0%b8\/\" class=\"card flex flex-col sm:flex-row p-6 gap-6 border-th-card-stroke border rounded bg-th-white-1\">\n                  <img decoding=\"async\" src=\"https:\/\/lumikodud.ee\/wp-content\/uploads\/2025\/06\/haabersti.webp\" alt=\"Haabersti \u00fc\u00fcrikorterid Tallinnas\" class=\"max-h-[250px] sm:max-h-full sm:h-auto object-cover sm:max-w-[33%] md:max-w-[42%]\">\n                          <div class=\"flex flex-col gap-4\">\n                          <h3 class=\"font-heading-5\">Haabersti<i class=\"icon link w-[16px] h-[16px] inline-block ml-3\"><\/i><\/h3>\n                                      <p class=\"font-body-2\">\u0425\u0430\u0430\u0431\u0435\u0440\u0441\u0442\u0438 \u2014 \u0437\u0435\u043b\u0451\u043d\u044b\u0439 \u0438 \u0442\u0438\u0445\u0438\u0439 \u0440\u0430\u0439\u043e\u043d, \u0433\u0434\u0435 \u0432\u0441\u0451 \u043d\u0435\u043e\u0431\u0445\u043e\u0434\u0438\u043c\u043e\u0435 \u043d\u0430\u0445\u043e\u0434\u0438\u0442\u0441\u044f \u0432 \u0448\u0430\u0433\u043e\u0432\u043e\u0439 \u0434\u043e\u0441\u0442\u0443\u043f\u043d\u043e\u0441\u0442\u0438. \u041f\u0440\u043e\u0441\u0442\u043e\u0440\u043d\u044b\u0435 \u043f\u0430\u0440\u043a\u0438, \u0441\u043f\u043e\u0440\u0442\u0438\u0432\u043d\u044b\u0435 \u043f\u043b\u043e\u0449\u0430\u0434\u043a\u0438 \u0438 \u043a\u0443\u043b\u044c\u0442\u0443\u0440\u043d\u044b\u0435 \u0432\u043e\u0437\u043c\u043e\u0436\u043d\u043e\u0441\u0442\u0438 \u043f\u043e\u0437\u0432\u043e\u043b\u044f\u044e\u0442 \u0430\u043a\u0442\u0438\u0432\u043d\u043e \u043f\u0440\u043e\u0432\u043e\u0434\u0438\u0442\u044c \u0432\u0440\u0435\u043c\u044f \u043a\u0430\u043a \u0434\u0435\u0442\u044f\u043c, \u0442\u0430\u043a \u0438 \u0432\u0437\u0440\u043e\u0441\u043b\u044b\u043c. \u0423\u0434\u043e\u0431\u043d\u043e\u0435 \u0442\u0440\u0430\u043d\u0441\u043f\u043e\u0440\u0442\u043d\u043e\u0435 \u0441\u043e\u043e\u0431\u0449\u0435\u043d\u0438\u0435 \u0441 \u0433\u043e\u0440\u043e\u0434\u043e\u043c \u0434\u0435\u043b\u0430\u0435\u0442 \u043f\u043e\u0432\u0441\u0435\u0434\u043d\u0435\u0432\u043d\u0443\u044e \u0436\u0438\u0437\u043d\u044c \u043b\u0451\u0433\u043a\u043e\u0439 \u0438 \u043f\u0440\u0438\u044f\u0442\u043d\u043e\u0439.<\/p>\n                      <\/div>\n              <\/a>\n          <a href=\"https:\/\/lumikodud.ee\/ru\/\u043a\u0432\u0430\u0440\u0442\u0438\u0440\u044b\/%d0%bc%d1%83%d1%81%d1%82%d0%b0%d0%bc%d1%8f%d1%8d\/\" class=\"card flex flex-col sm:flex-row p-6 gap-6 border-th-card-stroke border rounded bg-th-white-1\">\n                  <img decoding=\"async\" src=\"https:\/\/lumikodud.ee\/wp-content\/uploads\/2025\/06\/mustamagi.webp\" alt=\"Mustam\u00e4e \u00fc\u00fcrikorterid Tallinnas\" class=\"max-h-[250px] sm:max-h-full sm:h-auto object-cover sm:max-w-[33%] md:max-w-[42%]\">\n                          <div class=\"flex flex-col gap-4\">\n                          <h3 class=\"font-heading-5\">Mustam\u00e4e<i class=\"icon link w-[16px] h-[16px] inline-block ml-3\"><\/i><\/h3>\n                                      <p class=\"font-body-2\">\u0421\u043e\u0432\u0440\u0435\u043c\u0435\u043d\u043d\u0430\u044f \u0438 \u044d\u043a\u043e\u043b\u043e\u0433\u0438\u0447\u043d\u0430\u044f \u0441\u0440\u0435\u0434\u0430 \u041c\u0443\u0441\u0442\u0430\u043c\u044f\u044d \u043f\u0440\u0435\u0434\u043b\u0430\u0433\u0430\u0435\u0442 \u0437\u0435\u043b\u0435\u043d\u044c, \u043f\u0440\u043e\u0441\u0442\u043e\u0440\u043d\u044b\u0439 \u043f\u0430\u0440\u043a, \u0438\u0433\u0440\u043e\u0432\u044b\u0435 \u043f\u043b\u043e\u0449\u0430\u0434\u043a\u0438 \u0438 \u0440\u0430\u0437\u043d\u043e\u043e\u0431\u0440\u0430\u0437\u043d\u044b\u0435 \u0443\u0441\u043b\u0443\u0433\u0438. \u0432\u0441\u0451 \u043d\u0435\u043e\u0431\u0445\u043e\u0434\u0438\u043c\u043e\u0435 \u0434\u043b\u044f \u0436\u0438\u0437\u043d\u0438 \u043d\u0430\u0445\u043e\u0434\u0438\u0442\u0441\u044f \u043f\u043e\u0434 \u0440\u0443\u043a\u043e\u0439. \u0423\u0434\u043e\u0431\u043d\u043e\u0435 \u0442\u0440\u0430\u043d\u0441\u043f\u043e\u0440\u0442\u043d\u043e\u0435 \u0441\u043e\u043e\u0431\u0449\u0435\u043d\u0438\u0435 \u0438 \u0432\u0435\u043b\u043e\u0441\u0438\u043f\u0435\u0434\u043d\u044b\u0435 \u0434\u043e\u0440\u043e\u0436\u043a\u0438 \u043e\u0431\u0435\u0441\u043f\u0435\u0447\u0438\u0432\u0430\u044e\u0442 \u0431\u044b\u0441\u0442\u0440\u043e\u0435 \u0441\u043e\u043e\u0431\u0449\u0435\u043d\u0438\u0435 \u0441 \u0446\u0435\u043d\u0442\u0440\u043e\u043c \u0433\u043e\u0440\u043e\u0434\u0430. \u0418\u0434\u0435\u0430\u043b\u044c\u043d\u044b\u0439 \u0434\u043e\u043c \u043a\u0430\u043a \u0434\u043b\u044f \u043c\u043e\u043b\u043e\u0434\u044b\u0445 \u0441\u0435\u043c\u0435\u0439, \u0442\u0430\u043a \u0438 \u0434\u043b\u044f \u0442\u0435\u0445, \u043a\u0442\u043e \u0446\u0435\u043d\u0438\u0442 \u0441\u043f\u043e\u043a\u043e\u0439\u043d\u044b\u0439 \u0440\u0438\u0442\u043c \u0436\u0438\u0437\u043d\u0438.<\/p>\n                      <\/div>\n              <\/a>\n          <a href=\"https:\/\/lumikodud.ee\/ru\/\u043a\u0432\u0430\u0440\u0442\u0438\u0440\u044b\/%d0%bf%d1%8b%d1%85%d1%8c%d1%8f-%d1%82%d0%b0%d0%bb%d0%bb%d0%b8%d0%bd%d0%bd\/\" class=\"card flex flex-col sm:flex-row p-6 gap-6 border-th-card-stroke border rounded bg-th-white-1\">\n                  <img decoding=\"async\" src=\"https:\/\/lumikodud.ee\/wp-content\/uploads\/2025\/10\/DSC8235-e1759746128787.jpg\" alt=\"\" class=\"max-h-[250px] sm:max-h-full sm:h-auto object-cover sm:max-w-[33%] md:max-w-[42%]\">\n                          <div class=\"flex flex-col gap-4\">\n                          <h3 class=\"font-heading-5\">P\u00f5hja-Tallinn<i class=\"icon link w-[16px] h-[16px] inline-block ml-3\"><\/i><\/h3>\n                                      <p class=\"font-body-2\">\u0418\u0441\u0442\u043e\u0440\u0438\u044f \u0438 \u0441\u043e\u0432\u0440\u0435\u043c\u0435\u043d\u043d\u043e\u0441\u0442\u044c \u043f\u0435\u0440\u0435\u043f\u043b\u0435\u0442\u0430\u044e\u0442\u0441\u044f \u0432 \u041f\u044b\u0445\u044c\u044f-\u0422\u0430\u043b\u043b\u0438\u043d\u043d\u0435, \u0441\u043e\u0437\u0434\u0430\u0432\u0430\u044f \u043f\u0440\u0438\u044f\u0442\u043d\u0443\u044e \u0441\u0440\u0435\u0434\u0443 \u043e\u0431\u0438\u0442\u0430\u043d\u0438\u044f. \u0411\u043b\u0438\u0437\u043b\u0435\u0436\u0430\u0449\u0438\u0439 \u043f\u043b\u044f\u0436 \u0428\u0442\u0440\u043e\u043e\u043c\u0438 \u0438 \u043e\u0437\u0434\u043e\u0440\u043e\u0432\u0438\u0442\u0435\u043b\u044c\u043d\u044b\u0435 \u0442\u0440\u043e\u043f\u044b \u041c\u0435\u0440\u0438\u043c\u0435\u0442\u0441\u0430 \u043f\u0440\u0435\u0434\u043b\u0430\u0433\u0430\u044e\u0442 \u0438\u0434\u0435\u0430\u043b\u044c\u043d\u044b\u0439 \u0431\u0430\u043b\u0430\u043d\u0441 \u0437\u0435\u043b\u0435\u043d\u0438 \u0438 \u0433\u043e\u0440\u043e\u0434\u0441\u043a\u043e\u0439 \u0436\u0438\u0437\u043d\u0438. \u0422\u0438\u0445\u0438\u0439 \u0432\u043d\u0443\u0442\u0440\u0435\u043d\u043d\u0438\u0439 \u0434\u0432\u043e\u0440, \u044f\u0431\u043b\u043e\u043d\u0435\u0432\u044b\u0439 \u0441\u0430\u0434 \u0438 \u0434\u0435\u0442\u0441\u043a\u0438\u0435 \u043f\u043b\u043e\u0449\u0430\u0434\u043a\u0438 \u0441\u043e\u0437\u0434\u0430\u044e\u0442 \u0431\u0435\u0437\u043e\u043f\u0430\u0441\u043d\u0443\u044e \u0438 \u0434\u0440\u0443\u0436\u0435\u043b\u044e\u0431\u043d\u0443\u044e \u0430\u0442\u043c\u043e\u0441\u0444\u0435\u0440\u0443.<\/p>\n                      <\/div>\n              <\/a>\n      <\/div>\n    <\/div>\n  <\/section>\n\n\n<section class=\"py-[50px] md:py-20 -mx-4 md:-mx-16 md:px-16 px-4 bg-th-green-9\">\n  <div class=\"th-content-max-width flex flex-col items-start gap-y-5 md:gap-y-10\">\n          <h2 class=\"text-th-dark-1 font-heading-3-5 md:font-heading-2\">\u041d\u0435 \u043d\u0430\u0448\u043b\u0438 \u043f\u043e\u0434\u0445\u043e\u0434\u044f\u0449\u0443\u044e \u043a\u0432\u0430\u0440\u0442\u0438\u0440\u0443?<\/h2>\n              <div>\n        <p class=\"text-as-p first last\">\u041f\u0440\u0438\u0441\u043e\u0435\u0434\u0438\u043d\u044f\u0439\u0442\u0435\u0441\u044c \u043a \u0441\u043f\u0438\u0441\u043a\u0443 \u043e\u0436\u0438\u0434\u0430\u043d\u0438\u044f, \u0438 \u043c\u044b \u0441\u043e\u043e\u0431\u0449\u0438\u043c \u0432\u0430\u043c, \u043a\u0430\u043a \u0442\u043e\u043b\u044c\u043a\u043e \u043f\u043e\u044f\u0432\u0438\u0442\u0441\u044f \u043f\u043e\u0434\u0445\u043e\u0434\u044f\u0449\u0438\u0439 \u0434\u043b\u044f \u0432\u0430\u0441 \u0432\u0430\u0440\u0438\u0430\u043d\u0442!<\/p>      <\/div>\n              <a class=\"th-button\" href=\"https:\/\/lumikodud.ee\/ru\/%d0%bf%d1%80%d0%b8%d1%81%d0%be%d0%b5%d0%b4%d0%b8%d0%bd%d1%8f%d0%b9%d1%82%d0%b5%d1%81%d1%8c-%d0%ba-%d1%81%d0%bf%d0%b8%d1%81%d0%ba%d1%83-%d0%be%d0%b6%d0%b8%d0%b4%d0%b0%d0%bd%d0%b8%d1%8f\/\">\u041f\u0440\u0438\u0441\u043e\u0435\u0434\u0438\u043d\u044f\u0439\u0442\u0435\u0441\u044c \u043a \u0441\u043f\u0438\u0441\u043a\u0443 \u043e\u0436\u0438\u0434\u0430\u043d\u0438\u044f<\/a>\n      <\/div>\n<\/section>\n","protected":false},"excerpt":{"rendered":"","protected":false},"author":1,"featured_media":0,"parent":4703,"menu_order":0,"comment_status":"closed","ping_status":"closed","template":"","meta":{"_acf_changed":false,"footnotes":""},"class_list":["post-4705","page","type-page","status-publish","hentry"],"acf":[],"yoast_head":"<!-- This site is optimized with the Yoast SEO plugin v25.3 - https:\/\/yoast.com\/wordpress\/plugins\/seo\/ -->\n<title>\u0410\u0440\u0435\u043d\u0434\u0430 \u043a\u0432\u0430\u0440\u0442\u0438\u0440 \u0425\u0430\u0430\u0431\u0435\u0440\u0441\u0442\u0438 \u0432 \u0422\u0430\u043b\u043b\u0438\u043d\u043d\u0435 - Lumi Kodud<\/title>\n<meta name=\"description\" content=\"\u0410\u0440\u0435\u043d\u0434\u043d\u044b\u0439 \u0434\u043e\u043c P\u00e4evalille \u0432 \u0440\u0430\u0439\u043e\u043d\u0435 \u0425\u0430\u0430\u0431\u0435\u0440\u0441\u0442\u0438 \u043f\u0440\u0435\u0434\u043b\u0430\u0433\u0430\u0435\u0442 \u0431\u0435\u0437\u043e\u043f\u0430\u0441\u043d\u0443\u044e \u0438 \u043a\u043e\u043c\u0444\u043e\u0440\u0442\u043d\u0443\u044e \u0441\u0440\u0435\u0434\u0443 \u043f\u0440\u043e\u0436\u0438\u0432\u0430\u043d\u0438\u044f \u0441 \u0437\u0435\u043b\u0435\u043d\u044c\u044e, \u0448\u043a\u043e\u043b\u0430\u043c\u0438 \u0438 \u0432\u043e\u0437\u043c\u043e\u0436\u043d\u043e\u0441\u0442\u044f\u043c\u0438 \u0434\u043b\u044f \u043e\u0442\u0434\u044b\u0445\u0430 \u0440\u044f\u0434\u043e\u043c \u0441 \u0432\u0430\u0448\u0438\u043c \u0434\u043e\u043c\u043e\u043c.\" \/>\n<meta name=\"robots\" content=\"index, follow, max-snippet:-1, max-image-preview:large, max-video-preview:-1\" \/>\n<link rel=\"canonical\" href=\"https:\/\/lumikodud.ee\/ru\/%d0%b0%d1%80%d0%b5%d0%bd%d0%b4%d0%b0-%d0%ba%d0%b2%d0%b0%d1%80%d1%82%d0%b8%d1%80-%d0%b2-%d1%82%d0%b0%d0%bb%d0%bb%d0%b8%d0%bd%d0%bd%d0%b5-2\/haabersti\/\" \/>\n<meta property=\"og:locale\" content=\"ru_RU\" \/>\n<meta property=\"og:type\" content=\"article\" \/>\n<meta property=\"og:title\" content=\"\u0410\u0440\u0435\u043d\u0434\u0430 \u043a\u0432\u0430\u0440\u0442\u0438\u0440 \u0425\u0430\u0430\u0431\u0435\u0440\u0441\u0442\u0438 \u0432 \u0422\u0430\u043b\u043b\u0438\u043d\u043d\u0435 - Lumi Kodud\" \/>\n<meta property=\"og:description\" content=\"\u0410\u0440\u0435\u043d\u0434\u043d\u044b\u0439 \u0434\u043e\u043c P\u00e4evalille \u0432 \u0440\u0430\u0439\u043e\u043d\u0435 \u0425\u0430\u0430\u0431\u0435\u0440\u0441\u0442\u0438 \u043f\u0440\u0435\u0434\u043b\u0430\u0433\u0430\u0435\u0442 \u0431\u0435\u0437\u043e\u043f\u0430\u0441\u043d\u0443\u044e \u0438 \u043a\u043e\u043c\u0444\u043e\u0440\u0442\u043d\u0443\u044e \u0441\u0440\u0435\u0434\u0443 \u043f\u0440\u043e\u0436\u0438\u0432\u0430\u043d\u0438\u044f \u0441 \u0437\u0435\u043b\u0435\u043d\u044c\u044e, \u0448\u043a\u043e\u043b\u0430\u043c\u0438 \u0438 \u0432\u043e\u0437\u043c\u043e\u0436\u043d\u043e\u0441\u0442\u044f\u043c\u0438 \u0434\u043b\u044f \u043e\u0442\u0434\u044b\u0445\u0430 \u0440\u044f\u0434\u043e\u043c \u0441 \u0432\u0430\u0448\u0438\u043c \u0434\u043e\u043c\u043e\u043c.\" \/>\n<meta property=\"og:url\" content=\"https:\/\/lumikodud.ee\/ru\/%d0%b0%d1%80%d0%b5%d0%bd%d0%b4%d0%b0-%d0%ba%d0%b2%d0%b0%d1%80%d1%82%d0%b8%d1%80-%d0%b2-%d1%82%d0%b0%d0%bb%d0%bb%d0%b8%d0%bd%d0%bd%d0%b5-2\/haabersti\/\" \/>\n<meta property=\"og:site_name\" content=\"Lumi Kodud\" \/>\n<meta property=\"article:publisher\" content=\"https:\/\/www.facebook.com\/LumiKodud\/\" \/>\n<meta property=\"article:modified_time\" content=\"2025-11-19T09:40:11+00:00\" \/>\n<meta property=\"og:image\" content=\"https:\/\/lumikodud.ee\/wp-content\/uploads\/2025\/11\/LumiKodudSEOImage.png\" \/>\n\t<meta property=\"og:image:width\" content=\"1200\" \/>\n\t<meta property=\"og:image:height\" content=\"675\" \/>\n\t<meta property=\"og:image:type\" content=\"image\/png\" \/>\n<meta name=\"twitter:card\" content=\"summary_large_image\" \/>\n<script type=\"application\/ld+json\" class=\"yoast-schema-graph\">{\"@context\":\"https:\/\/schema.org\",\"@graph\":[{\"@type\":\"WebPage\",\"@id\":\"https:\/\/lumikodud.ee\/ru\/%d0%b0%d1%80%d0%b5%d0%bd%d0%b4%d0%b0-%d0%ba%d0%b2%d0%b0%d1%80%d1%82%d0%b8%d1%80-%d0%b2-%d1%82%d0%b0%d0%bb%d0%bb%d0%b8%d0%bd%d0%bd%d0%b5-2\/haabersti\/\",\"url\":\"https:\/\/lumikodud.ee\/ru\/%d0%b0%d1%80%d0%b5%d0%bd%d0%b4%d0%b0-%d0%ba%d0%b2%d0%b0%d1%80%d1%82%d0%b8%d1%80-%d0%b2-%d1%82%d0%b0%d0%bb%d0%bb%d0%b8%d0%bd%d0%bd%d0%b5-2\/haabersti\/\",\"name\":\"\u0410\u0440\u0435\u043d\u0434\u0430 \u043a\u0432\u0430\u0440\u0442\u0438\u0440 \u0425\u0430\u0430\u0431\u0435\u0440\u0441\u0442\u0438 \u0432 \u0422\u0430\u043b\u043b\u0438\u043d\u043d\u0435 - Lumi Kodud\",\"isPartOf\":{\"@id\":\"https:\/\/lumikodud.ee\/ru\/#website\"},\"datePublished\":\"2025-08-08T12:43:39+00:00\",\"dateModified\":\"2025-11-19T09:40:11+00:00\",\"description\":\"\u0410\u0440\u0435\u043d\u0434\u043d\u044b\u0439 \u0434\u043e\u043c P\u00e4evalille \u0432 \u0440\u0430\u0439\u043e\u043d\u0435 \u0425\u0430\u0430\u0431\u0435\u0440\u0441\u0442\u0438 \u043f\u0440\u0435\u0434\u043b\u0430\u0433\u0430\u0435\u0442 \u0431\u0435\u0437\u043e\u043f\u0430\u0441\u043d\u0443\u044e \u0438 \u043a\u043e\u043c\u0444\u043e\u0440\u0442\u043d\u0443\u044e \u0441\u0440\u0435\u0434\u0443 \u043f\u0440\u043e\u0436\u0438\u0432\u0430\u043d\u0438\u044f \u0441 \u0437\u0435\u043b\u0435\u043d\u044c\u044e, \u0448\u043a\u043e\u043b\u0430\u043c\u0438 \u0438 \u0432\u043e\u0437\u043c\u043e\u0436\u043d\u043e\u0441\u0442\u044f\u043c\u0438 \u0434\u043b\u044f \u043e\u0442\u0434\u044b\u0445\u0430 \u0440\u044f\u0434\u043e\u043c \u0441 \u0432\u0430\u0448\u0438\u043c \u0434\u043e\u043c\u043e\u043c.\",\"breadcrumb\":{\"@id\":\"https:\/\/lumikodud.ee\/ru\/%d0%b0%d1%80%d0%b5%d0%bd%d0%b4%d0%b0-%d0%ba%d0%b2%d0%b0%d1%80%d1%82%d0%b8%d1%80-%d0%b2-%d1%82%d0%b0%d0%bb%d0%bb%d0%b8%d0%bd%d0%bd%d0%b5-2\/haabersti\/#breadcrumb\"},\"inLanguage\":\"ru-RU\",\"potentialAction\":[{\"@type\":\"ReadAction\",\"target\":[\"https:\/\/lumikodud.ee\/ru\/%d0%b0%d1%80%d0%b5%d0%bd%d0%b4%d0%b0-%d0%ba%d0%b2%d0%b0%d1%80%d1%82%d0%b8%d1%80-%d0%b2-%d1%82%d0%b0%d0%bb%d0%bb%d0%b8%d0%bd%d0%bd%d0%b5-2\/haabersti\/\"]}]},{\"@type\":\"BreadcrumbList\",\"@id\":\"https:\/\/lumikodud.ee\/ru\/%d0%b0%d1%80%d0%b5%d0%bd%d0%b4%d0%b0-%d0%ba%d0%b2%d0%b0%d1%80%d1%82%d0%b8%d1%80-%d0%b2-%d1%82%d0%b0%d0%bb%d0%bb%d0%b8%d0%bd%d0%bd%d0%b5-2\/haabersti\/#breadcrumb\",\"itemListElement\":[{\"@type\":\"ListItem\",\"position\":1,\"name\":\"Lumi Kodud\",\"item\":\"https:\/\/lumikodud.ee\/ru\/\"},{\"@type\":\"ListItem\",\"position\":2,\"name\":\"\u041a\u0432\u0430\u0440\u0442\u0438\u0440\u044b\",\"item\":\"https:\/\/lumikodud.ee\/ru\/%d0%b0%d1%80%d0%b5%d0%bd%d0%b4%d0%b0-%d0%ba%d0%b2%d0%b0%d1%80%d1%82%d0%b8%d1%80-%d0%b2-%d1%82%d0%b0%d0%bb%d0%bb%d0%b8%d0%bd%d0%bd%d0%b5-2\/\"},{\"@type\":\"ListItem\",\"position\":3,\"name\":\"\u0425\u0430\u0430\u0431\u0435\u0440\u0441\u0442\u0438\"}]},{\"@type\":\"WebSite\",\"@id\":\"https:\/\/lumikodud.ee\/ru\/#website\",\"url\":\"https:\/\/lumikodud.ee\/ru\/\",\"name\":\"Lumi Kodud\",\"description\":\"\u00dc\u00fcrikorterid Tallinnas\",\"publisher\":{\"@id\":\"https:\/\/lumikodud.ee\/ru\/#organization\"},\"potentialAction\":[{\"@type\":\"SearchAction\",\"target\":{\"@type\":\"EntryPoint\",\"urlTemplate\":\"https:\/\/lumikodud.ee\/ru\/?s={search_term_string}\"},\"query-input\":{\"@type\":\"PropertyValueSpecification\",\"valueRequired\":true,\"valueName\":\"search_term_string\"}}],\"inLanguage\":\"ru-RU\"},{\"@type\":\"Organization\",\"@id\":\"https:\/\/lumikodud.ee\/ru\/#organization\",\"name\":\"Lumi Kodud\",\"url\":\"https:\/\/lumikodud.ee\/ru\/\",\"logo\":{\"@type\":\"ImageObject\",\"inLanguage\":\"ru-RU\",\"@id\":\"https:\/\/lumikodud.ee\/ru\/#\/schema\/logo\/image\/\",\"url\":\"https:\/\/lumikodud.ee\/wp-content\/uploads\/2025\/08\/logo-header.svg\",\"contentUrl\":\"https:\/\/lumikodud.ee\/wp-content\/uploads\/2025\/08\/logo-header.svg\",\"width\":1,\"height\":1,\"caption\":\"Lumi Kodud\"},\"image\":{\"@id\":\"https:\/\/lumikodud.ee\/ru\/#\/schema\/logo\/image\/\"},\"sameAs\":[\"https:\/\/www.facebook.com\/LumiKodud\/\",\"https:\/\/www.instagram.com\/lumikodud\/\",\"https:\/\/www.linkedin.com\/company\/lumi-capital\"]}]}<\/script>\n<!-- \/ Yoast SEO plugin. -->","yoast_head_json":{"title":"\u0410\u0440\u0435\u043d\u0434\u0430 \u043a\u0432\u0430\u0440\u0442\u0438\u0440 \u0425\u0430\u0430\u0431\u0435\u0440\u0441\u0442\u0438 \u0432 \u0422\u0430\u043b\u043b\u0438\u043d\u043d\u0435 - Lumi Kodud","description":"\u0410\u0440\u0435\u043d\u0434\u043d\u044b\u0439 \u0434\u043e\u043c P\u00e4evalille \u0432 \u0440\u0430\u0439\u043e\u043d\u0435 \u0425\u0430\u0430\u0431\u0435\u0440\u0441\u0442\u0438 \u043f\u0440\u0435\u0434\u043b\u0430\u0433\u0430\u0435\u0442 \u0431\u0435\u0437\u043e\u043f\u0430\u0441\u043d\u0443\u044e \u0438 \u043a\u043e\u043c\u0444\u043e\u0440\u0442\u043d\u0443\u044e \u0441\u0440\u0435\u0434\u0443 \u043f\u0440\u043e\u0436\u0438\u0432\u0430\u043d\u0438\u044f \u0441 \u0437\u0435\u043b\u0435\u043d\u044c\u044e, \u0448\u043a\u043e\u043b\u0430\u043c\u0438 \u0438 \u0432\u043e\u0437\u043c\u043e\u0436\u043d\u043e\u0441\u0442\u044f\u043c\u0438 \u0434\u043b\u044f \u043e\u0442\u0434\u044b\u0445\u0430 \u0440\u044f\u0434\u043e\u043c \u0441 \u0432\u0430\u0448\u0438\u043c \u0434\u043e\u043c\u043e\u043c.","robots":{"index":"index","follow":"follow","max-snippet":"max-snippet:-1","max-image-preview":"max-image-preview:large","max-video-preview":"max-video-preview:-1"},"canonical":"https:\/\/lumikodud.ee\/ru\/%d0%b0%d1%80%d0%b5%d0%bd%d0%b4%d0%b0-%d0%ba%d0%b2%d0%b0%d1%80%d1%82%d0%b8%d1%80-%d0%b2-%d1%82%d0%b0%d0%bb%d0%bb%d0%b8%d0%bd%d0%bd%d0%b5-2\/haabersti\/","og_locale":"ru_RU","og_type":"article","og_title":"\u0410\u0440\u0435\u043d\u0434\u0430 \u043a\u0432\u0430\u0440\u0442\u0438\u0440 \u0425\u0430\u0430\u0431\u0435\u0440\u0441\u0442\u0438 \u0432 \u0422\u0430\u043b\u043b\u0438\u043d\u043d\u0435 - Lumi Kodud","og_description":"\u0410\u0440\u0435\u043d\u0434\u043d\u044b\u0439 \u0434\u043e\u043c P\u00e4evalille \u0432 \u0440\u0430\u0439\u043e\u043d\u0435 \u0425\u0430\u0430\u0431\u0435\u0440\u0441\u0442\u0438 \u043f\u0440\u0435\u0434\u043b\u0430\u0433\u0430\u0435\u0442 \u0431\u0435\u0437\u043e\u043f\u0430\u0441\u043d\u0443\u044e \u0438 \u043a\u043e\u043c\u0444\u043e\u0440\u0442\u043d\u0443\u044e \u0441\u0440\u0435\u0434\u0443 \u043f\u0440\u043e\u0436\u0438\u0432\u0430\u043d\u0438\u044f \u0441 \u0437\u0435\u043b\u0435\u043d\u044c\u044e, \u0448\u043a\u043e\u043b\u0430\u043c\u0438 \u0438 \u0432\u043e\u0437\u043c\u043e\u0436\u043d\u043e\u0441\u0442\u044f\u043c\u0438 \u0434\u043b\u044f \u043e\u0442\u0434\u044b\u0445\u0430 \u0440\u044f\u0434\u043e\u043c \u0441 \u0432\u0430\u0448\u0438\u043c \u0434\u043e\u043c\u043e\u043c.","og_url":"https:\/\/lumikodud.ee\/ru\/%d0%b0%d1%80%d0%b5%d0%bd%d0%b4%d0%b0-%d0%ba%d0%b2%d0%b0%d1%80%d1%82%d0%b8%d1%80-%d0%b2-%d1%82%d0%b0%d0%bb%d0%bb%d0%b8%d0%bd%d0%bd%d0%b5-2\/haabersti\/","og_site_name":"Lumi Kodud","article_publisher":"https:\/\/www.facebook.com\/LumiKodud\/","article_modified_time":"2025-11-19T09:40:11+00:00","og_image":[{"width":1200,"height":675,"url":"https:\/\/lumikodud.ee\/wp-content\/uploads\/2025\/11\/LumiKodudSEOImage.png","type":"image\/png"}],"twitter_card":"summary_large_image","schema":{"@context":"https:\/\/schema.org","@graph":[{"@type":"WebPage","@id":"https:\/\/lumikodud.ee\/ru\/%d0%b0%d1%80%d0%b5%d0%bd%d0%b4%d0%b0-%d0%ba%d0%b2%d0%b0%d1%80%d1%82%d0%b8%d1%80-%d0%b2-%d1%82%d0%b0%d0%bb%d0%bb%d0%b8%d0%bd%d0%bd%d0%b5-2\/haabersti\/","url":"https:\/\/lumikodud.ee\/ru\/%d0%b0%d1%80%d0%b5%d0%bd%d0%b4%d0%b0-%d0%ba%d0%b2%d0%b0%d1%80%d1%82%d0%b8%d1%80-%d0%b2-%d1%82%d0%b0%d0%bb%d0%bb%d0%b8%d0%bd%d0%bd%d0%b5-2\/haabersti\/","name":"\u0410\u0440\u0435\u043d\u0434\u0430 \u043a\u0432\u0430\u0440\u0442\u0438\u0440 \u0425\u0430\u0430\u0431\u0435\u0440\u0441\u0442\u0438 \u0432 \u0422\u0430\u043b\u043b\u0438\u043d\u043d\u0435 - Lumi Kodud","isPartOf":{"@id":"https:\/\/lumikodud.ee\/ru\/#website"},"datePublished":"2025-08-08T12:43:39+00:00","dateModified":"2025-11-19T09:40:11+00:00","description":"\u0410\u0440\u0435\u043d\u0434\u043d\u044b\u0439 \u0434\u043e\u043c P\u00e4evalille \u0432 \u0440\u0430\u0439\u043e\u043d\u0435 \u0425\u0430\u0430\u0431\u0435\u0440\u0441\u0442\u0438 \u043f\u0440\u0435\u0434\u043b\u0430\u0433\u0430\u0435\u0442 \u0431\u0435\u0437\u043e\u043f\u0430\u0441\u043d\u0443\u044e \u0438 \u043a\u043e\u043c\u0444\u043e\u0440\u0442\u043d\u0443\u044e \u0441\u0440\u0435\u0434\u0443 \u043f\u0440\u043e\u0436\u0438\u0432\u0430\u043d\u0438\u044f \u0441 \u0437\u0435\u043b\u0435\u043d\u044c\u044e, \u0448\u043a\u043e\u043b\u0430\u043c\u0438 \u0438 \u0432\u043e\u0437\u043c\u043e\u0436\u043d\u043e\u0441\u0442\u044f\u043c\u0438 \u0434\u043b\u044f \u043e\u0442\u0434\u044b\u0445\u0430 \u0440\u044f\u0434\u043e\u043c \u0441 \u0432\u0430\u0448\u0438\u043c \u0434\u043e\u043c\u043e\u043c.","breadcrumb":{"@id":"https:\/\/lumikodud.ee\/ru\/%d0%b0%d1%80%d0%b5%d0%bd%d0%b4%d0%b0-%d0%ba%d0%b2%d0%b0%d1%80%d1%82%d0%b8%d1%80-%d0%b2-%d1%82%d0%b0%d0%bb%d0%bb%d0%b8%d0%bd%d0%bd%d0%b5-2\/haabersti\/#breadcrumb"},"inLanguage":"ru-RU","potentialAction":[{"@type":"ReadAction","target":["https:\/\/lumikodud.ee\/ru\/%d0%b0%d1%80%d0%b5%d0%bd%d0%b4%d0%b0-%d0%ba%d0%b2%d0%b0%d1%80%d1%82%d0%b8%d1%80-%d0%b2-%d1%82%d0%b0%d0%bb%d0%bb%d0%b8%d0%bd%d0%bd%d0%b5-2\/haabersti\/"]}]},{"@type":"BreadcrumbList","@id":"https:\/\/lumikodud.ee\/ru\/%d0%b0%d1%80%d0%b5%d0%bd%d0%b4%d0%b0-%d0%ba%d0%b2%d0%b0%d1%80%d1%82%d0%b8%d1%80-%d0%b2-%d1%82%d0%b0%d0%bb%d0%bb%d0%b8%d0%bd%d0%bd%d0%b5-2\/haabersti\/#breadcrumb","itemListElement":[{"@type":"ListItem","position":1,"name":"Lumi Kodud","item":"https:\/\/lumikodud.ee\/ru\/"},{"@type":"ListItem","position":2,"name":"\u041a\u0432\u0430\u0440\u0442\u0438\u0440\u044b","item":"https:\/\/lumikodud.ee\/ru\/%d0%b0%d1%80%d0%b5%d0%bd%d0%b4%d0%b0-%d0%ba%d0%b2%d0%b0%d1%80%d1%82%d0%b8%d1%80-%d0%b2-%d1%82%d0%b0%d0%bb%d0%bb%d0%b8%d0%bd%d0%bd%d0%b5-2\/"},{"@type":"ListItem","position":3,"name":"\u0425\u0430\u0430\u0431\u0435\u0440\u0441\u0442\u0438"}]},{"@type":"WebSite","@id":"https:\/\/lumikodud.ee\/ru\/#website","url":"https:\/\/lumikodud.ee\/ru\/","name":"Lumi Kodud","description":"\u00dc\u00fcrikorterid Tallinnas","publisher":{"@id":"https:\/\/lumikodud.ee\/ru\/#organization"},"potentialAction":[{"@type":"SearchAction","target":{"@type":"EntryPoint","urlTemplate":"https:\/\/lumikodud.ee\/ru\/?s={search_term_string}"},"query-input":{"@type":"PropertyValueSpecification","valueRequired":true,"valueName":"search_term_string"}}],"inLanguage":"ru-RU"},{"@type":"Organization","@id":"https:\/\/lumikodud.ee\/ru\/#organization","name":"Lumi Kodud","url":"https:\/\/lumikodud.ee\/ru\/","logo":{"@type":"ImageObject","inLanguage":"ru-RU","@id":"https:\/\/lumikodud.ee\/ru\/#\/schema\/logo\/image\/","url":"https:\/\/lumikodud.ee\/wp-content\/uploads\/2025\/08\/logo-header.svg","contentUrl":"https:\/\/lumikodud.ee\/wp-content\/uploads\/2025\/08\/logo-header.svg","width":1,"height":1,"caption":"Lumi Kodud"},"image":{"@id":"https:\/\/lumikodud.ee\/ru\/#\/schema\/logo\/image\/"},"sameAs":["https:\/\/www.facebook.com\/LumiKodud\/","https:\/\/www.instagram.com\/lumikodud\/","https:\/\/www.linkedin.com\/company\/lumi-capital"]}]}},"_links":{"self":[{"href":"https:\/\/lumikodud.ee\/ru\/wp-json\/wp\/v2\/pages\/4705","targetHints":{"allow":["GET"]}}],"collection":[{"href":"https:\/\/lumikodud.ee\/ru\/wp-json\/wp\/v2\/pages"}],"about":[{"href":"https:\/\/lumikodud.ee\/ru\/wp-json\/wp\/v2\/types\/page"}],"author":[{"embeddable":true,"href":"https:\/\/lumikodud.ee\/ru\/wp-json\/wp\/v2\/users\/1"}],"replies":[{"embeddable":true,"href":"https:\/\/lumikodud.ee\/ru\/wp-json\/wp\/v2\/comments?post=4705"}],"version-history":[{"count":6,"href":"https:\/\/lumikodud.ee\/ru\/wp-json\/wp\/v2\/pages\/4705\/revisions"}],"predecessor-version":[{"id":6049,"href":"https:\/\/lumikodud.ee\/ru\/wp-json\/wp\/v2\/pages\/4705\/revisions\/6049"}],"up":[{"embeddable":true,"href":"https:\/\/lumikodud.ee\/ru\/wp-json\/wp\/v2\/pages\/4703"}],"wp:attachment":[{"href":"https:\/\/lumikodud.ee\/ru\/wp-json\/wp\/v2\/media?parent=4705"}],"curies":[{"name":"wp","href":"https:\/\/api.w.org\/{rel}","templated":true}]}}